{"id":225,"date":"2021-12-08T06:43:14","date_gmt":"2021-12-08T06:43:14","guid":{"rendered":"https:\/\/www.devsnews.com\/wp\/volport\/?page_id=225"},"modified":"2026-02-02T13:06:25","modified_gmt":"2026-02-02T13:06:25","slug":"gradevinski-radovi","status":"publish","type":"page","link":"https:\/\/rent-me.hr\/?page_id=225","title":{"rendered":"Gra\u0111evinski radovi"},"content":{"rendered":"\t\t<div data-elementor-type=\"wp-page\" data-elementor-id=\"225\" class=\"elementor elementor-225\">\n\t\t\t\t\t\t\t\t\t<section class=\"elementor-section elementor-top-section elementor-element elementor-element-ce0c9b1 elementor-section-boxed elementor-section-height-default elementor-section-height-default\" data-id=\"ce0c9b1\" data-element_type=\"section\">\n\t\t\t\t\t\t<div class=\"elementor-container elementor-column-gap-extended\">\n\t\t\t\t\t<div class=\"elementor-column elementor-col-33 elementor-top-column elementor-element elementor-element-b7621cb\" data-id=\"b7621cb\" data-element_type=\"column\">\n\t\t\t<div class=\"elementor-widget-wrap elementor-element-populated\">\n\t\t\t\t\t\t\t\t<div class=\"elementor-element elementor-element-799541e elementor-widget elementor-widget-infobox bdevs-el infobox\" data-id=\"799541e\" data-element_type=\"widget\" data-settings=\"{&quot;design_style&quot;:&quot;style_1&quot;}\" data-widget_type=\"infobox.default\">\n\t\t\t\t<div class=\"elementor-widget-container\">\n\t\t\t        \r\n        <div class=\"blog__post b-2 b-3\">\r\n            <div class=\"blog__img p-relative\">\r\n                                <div class=\"blog__thumb\">\r\n                    <a href=\"\"><img decoding=\"async\" src=\"https:\/\/rent-me.hr\/wp-content\/uploads\/2023\/01\/164509649533244.jpg\" alt=\"img\"><\/a>\r\n                <\/div>\r\n                                <div class=\"blog__date\">\r\n                                            <figure>\r\n                            <i aria-hidden=\"true\" class=\"fas fa-snowplow\"><\/i>                        <\/figure>\r\n                                        <\/div>\r\n            <\/div>\r\n            <div class=\"blog__content\">\r\n\r\n                         <h4 class=\"bdevs-el-title\"><a href=\"\">Oprema<\/a><\/h4>\r\n            \r\n                          <p class=\"bdevs-el-content\"> Od opreme imamo kiper kran kamion nosivosti 7 euro paleta do 8,4 t, bager od 3,5 t, damper nosivosti kubik i pol. Geda lift comfort 250, 20 metara visine.<\/p>\r\n            \r\n            <a class=\"text_btn\" href=\"\/wp\/volport\/ourservices\/ocean-freight\/\" href=\"\/wp\/volport\/ourservices\/ocean-freight\/\">Button Text<\/a>            <\/div>\r\n        <\/div>\r\n\r\n            \t\t<\/div>\n\t\t\t\t<\/div>\n\t\t\t\t\t<\/div>\n\t\t<\/div>\n\t\t\t\t<div class=\"elementor-column elementor-col-33 elementor-top-column elementor-element elementor-element-0207ba0\" data-id=\"0207ba0\" data-element_type=\"column\">\n\t\t\t<div class=\"elementor-widget-wrap elementor-element-populated\">\n\t\t\t\t\t\t\t\t<div class=\"elementor-element elementor-element-e526515 elementor-widget elementor-widget-infobox bdevs-el infobox\" data-id=\"e526515\" data-element_type=\"widget\" data-settings=\"{&quot;design_style&quot;:&quot;style_1&quot;}\" data-widget_type=\"infobox.default\">\n\t\t\t\t<div class=\"elementor-widget-container\">\n\t\t\t        \r\n        <div class=\"blog__post b-2 b-3\">\r\n            <div class=\"blog__img p-relative\">\r\n                                <div class=\"blog__thumb\">\r\n                    <a href=\"\"><img decoding=\"async\" src=\"https:\/\/rent-me.hr\/wp-content\/uploads\/2023\/01\/c9924163-dd46-4e31-bb57-693deb39f8df.jpg\" alt=\"img\"><\/a>\r\n                <\/div>\r\n                                <div class=\"blog__date\">\r\n                                            <figure>\r\n                            <i aria-hidden=\"true\" class=\"fas fa-dungeon\"><\/i>                        <\/figure>\r\n                                        <\/div>\r\n            <\/div>\r\n            <div class=\"blog__content\">\r\n\r\n                         <h4 class=\"bdevs-el-title\"><a href=\"\">Adaptacije<\/a><\/h4>\r\n            \r\n                          <p class=\"bdevs-el-content\"> Adaptacije starih kamenih ku\u0107a<\/p>\r\n            \r\n            <a class=\"text_btn\" href=\"\/wp\/volport\/ourservices\/ocean-freight\/\" href=\"\/wp\/volport\/ourservices\/ocean-freight\/\">Button Text<\/a>            <\/div>\r\n        <\/div>\r\n\r\n            \t\t<\/div>\n\t\t\t\t<\/div>\n\t\t\t\t\t<\/div>\n\t\t<\/div>\n\t\t\t\t<div class=\"elementor-column elementor-col-33 elementor-top-column elementor-element elementor-element-70f2c53\" data-id=\"70f2c53\" data-element_type=\"column\">\n\t\t\t<div class=\"elementor-widget-wrap elementor-element-populated\">\n\t\t\t\t\t\t\t\t<div class=\"elementor-element elementor-element-7cb92a1 elementor-widget elementor-widget-infobox bdevs-el infobox\" data-id=\"7cb92a1\" data-element_type=\"widget\" data-settings=\"{&quot;design_style&quot;:&quot;style_1&quot;}\" data-widget_type=\"infobox.default\">\n\t\t\t\t<div class=\"elementor-widget-container\">\n\t\t\t        \r\n        <div class=\"blog__post b-2 b-3\">\r\n            <div class=\"blog__img p-relative\">\r\n                                <div class=\"blog__thumb\">\r\n                    <a href=\"\"><img decoding=\"async\" src=\"https:\/\/rent-me.hr\/wp-content\/uploads\/2023\/01\/9FA91811-0493-440E-A740-4C2586F027C2-scaled.jpg\" alt=\"img\"><\/a>\r\n                <\/div>\r\n                                <div class=\"blog__date\">\r\n                                            <figure>\r\n                            <i aria-hidden=\"true\" class=\"fas fa-toolbox\"><\/i>                        <\/figure>\r\n                                        <\/div>\r\n            <\/div>\r\n            <div class=\"blog__content\">\r\n\r\n                         <h4 class=\"bdevs-el-title\"><a href=\"\">Gra\u0111evinske usluge<\/a><\/h4>\r\n            \r\n                          <p class=\"bdevs-el-content\"> Ure\u0111enje okoli\u0161a, izrada konstrukcije bazena. Imamo dugogodi\u0161nje iskustvo u gra\u0111evinarstvu, te tako\u0111er vr\u0161imo usluge manjih zahvata iskopa, te prijevoz gra\u0111evinskog materijala, otpada ili zemlje<\/p>\r\n            \r\n            <a class=\"text_btn\" href=\"\/wp\/volport\/ourservices\/ocean-freight\/\" href=\"\/wp\/volport\/ourservices\/ocean-freight\/\">Button Text<\/a>            <\/div>\r\n        <\/div>\r\n\r\n            \t\t<\/div>\n\t\t\t\t<\/div>\n\t\t\t\t\t<\/div>\n\t\t<\/div>\n\t\t\t\t\t\t\t<\/div>\n\t\t<\/section>\n\t\t\t\t<section class=\"elementor-section elementor-top-section elementor-element elementor-element-f4f2be3 elementor-section-boxed elementor-section-height-default elementor-section-height-default\" data-id=\"f4f2be3\" data-element_type=\"section\">\n\t\t\t\t\t\t<div class=\"elementor-container elementor-column-gap-default\">\n\t\t\t\t\t<div class=\"elementor-column elementor-col-100 elementor-top-column elementor-element elementor-element-d2ea4b5\" data-id=\"d2ea4b5\" data-element_type=\"column\">\n\t\t\t<div class=\"elementor-widget-wrap elementor-element-populated\">\n\t\t\t\t\t\t\t\t<div class=\"elementor-element elementor-element-5f82dde elementor-widget elementor-widget-text-editor\" data-id=\"5f82dde\" data-element_type=\"widget\" data-widget_type=\"text-editor.default\">\n\t\t\t\t<div class=\"elementor-widget-container\">\n\t\t\t<style>\/*! elementor - v3.7.0 - 08-08-2022 *\/\n.elementor-widget-text-editor.elementor-drop-cap-view-stacked .elementor-drop-cap{background-color:#818a91;color:#fff}.elementor-widget-text-editor.elementor-drop-cap-view-framed .elementor-drop-cap{color:#818a91;border:3px solid;background-color:transparent}.elementor-widget-text-editor:not(.elementor-drop-cap-view-default) .elementor-drop-cap{margin-top:8px}.elementor-widget-text-editor:not(.elementor-drop-cap-view-default) .elementor-drop-cap-letter{width:1em;height:1em}.elementor-widget-text-editor .elementor-drop-cap{float:left;text-align:center;line-height:1;font-size:50px}.elementor-widget-text-editor .elementor-drop-cap-letter{display:inline-block}<\/style>\t\t\t\t<h2>Gra\u0111evinski strojevi<\/h2>\t\t\t\t\t\t<\/div>\n\t\t\t\t<\/div>\n\t\t\t\t\t<\/div>\n\t\t<\/div>\n\t\t\t\t\t\t\t<\/div>\n\t\t<\/section>\n\t\t\t\t<section class=\"elementor-section elementor-top-section elementor-element elementor-element-0a629de elementor-section-full_width elementor-section-height-default elementor-section-height-default\" data-id=\"0a629de\" data-element_type=\"section\" data-settings=\"{&quot;background_background&quot;:&quot;classic&quot;}\">\n\t\t\t\t\t\t<div class=\"elementor-container elementor-column-gap-default\">\n\t\t\t\t\t<div class=\"elementor-column elementor-col-100 elementor-top-column elementor-element elementor-element-92f31af\" data-id=\"92f31af\" data-element_type=\"column\">\n\t\t\t<div class=\"elementor-widget-wrap elementor-element-populated\">\n\t\t\t\t\t\t\t\t<section class=\"elementor-section elementor-inner-section elementor-element elementor-element-8f369e6 elementor-section-boxed elementor-section-height-default elementor-section-height-default\" data-id=\"8f369e6\" data-element_type=\"section\">\n\t\t\t\t\t\t<div class=\"elementor-container elementor-column-gap-default\">\n\t\t\t\t\t<div class=\"elementor-column elementor-col-50 elementor-inner-column elementor-element elementor-element-363c507\" data-id=\"363c507\" data-element_type=\"column\">\n\t\t\t<div class=\"elementor-widget-wrap elementor-element-populated\">\n\t\t\t\t\t\t\t\t<div class=\"elementor-element elementor-element-c79e546 elementor-widget elementor-widget-text-editor\" data-id=\"c79e546\" data-element_type=\"widget\" data-widget_type=\"text-editor.default\">\n\t\t\t\t<div class=\"elementor-widget-container\">\n\t\t\t\t\t\t\t<p>Od opreme imamo kiper kran kamion nosivosti 7 euro paleta do 8,4 t, bager od 3,5 t, damper nosivosti kubik i pol.\u00a0<\/p>\t\t\t\t\t\t<\/div>\n\t\t\t\t<\/div>\n\t\t\t\t\t<\/div>\n\t\t<\/div>\n\t\t\t\t<div class=\"elementor-column elementor-col-50 elementor-inner-column elementor-element elementor-element-4cadf3e\" data-id=\"4cadf3e\" data-element_type=\"column\">\n\t\t\t<div class=\"elementor-widget-wrap elementor-element-populated\">\n\t\t\t\t\t\t\t\t<div class=\"elementor-element elementor-element-897ed8c elementor-widget elementor-widget-text-editor\" data-id=\"897ed8c\" data-element_type=\"widget\" data-widget_type=\"text-editor.default\">\n\t\t\t\t<div class=\"elementor-widget-container\">\n\t\t\t\t\t\t\t<p>Geda lift comfort 250, 20 metara visine.<\/p>\t\t\t\t\t\t<\/div>\n\t\t\t\t<\/div>\n\t\t\t\t\t<\/div>\n\t\t<\/div>\n\t\t\t\t\t\t\t<\/div>\n\t\t<\/section>\n\t\t\t\t\t<\/div>\n\t\t<\/div>\n\t\t\t\t\t\t\t<\/div>\n\t\t<\/section>\n\t\t\t\t<section class=\"elementor-section elementor-top-section elementor-element elementor-element-d044ad1 elementor-section-boxed elementor-section-height-default elementor-section-height-default\" data-id=\"d044ad1\" data-element_type=\"section\">\n\t\t\t\t\t\t<div class=\"elementor-container elementor-column-gap-default\">\n\t\t\t\t\t<div class=\"elementor-column elementor-col-100 elementor-top-column elementor-element elementor-element-46389ef\" data-id=\"46389ef\" data-element_type=\"column\">\n\t\t\t<div class=\"elementor-widget-wrap elementor-element-populated\">\n\t\t\t\t\t\t\t\t<div class=\"elementor-element elementor-element-d4da7e7 elementor-widget elementor-widget-image\" data-id=\"d4da7e7\" data-element_type=\"widget\" data-widget_type=\"image.default\">\n\t\t\t\t<div class=\"elementor-widget-container\">\n\t\t\t<style>\/*! elementor - v3.7.0 - 08-08-2022 *\/\n.elementor-widget-image{text-align:center}.elementor-widget-image a{display:inline-block}.elementor-widget-image a img[src$=\".svg\"]{width:48px}.elementor-widget-image img{vertical-align:middle;display:inline-block}<\/style>\t\t\t\t\t\t\t\t\t\t\t\t<img loading=\"lazy\" decoding=\"async\" width=\"640\" height=\"360\" src=\"https:\/\/rent-me.hr\/wp-content\/uploads\/2023\/01\/44612306-F559-4890-8ADF-5245598DCCF4-1024x576.jpg\" class=\"attachment-large size-large\" alt=\"\" srcset=\"https:\/\/rent-me.hr\/wp-content\/uploads\/2023\/01\/44612306-F559-4890-8ADF-5245598DCCF4-1024x576.jpg 1024w, https:\/\/rent-me.hr\/wp-content\/uploads\/2023\/01\/44612306-F559-4890-8ADF-5245598DCCF4-300x169.jpg 300w, https:\/\/rent-me.hr\/wp-content\/uploads\/2023\/01\/44612306-F559-4890-8ADF-5245598DCCF4-768x432.jpg 768w, https:\/\/rent-me.hr\/wp-content\/uploads\/2023\/01\/44612306-F559-4890-8ADF-5245598DCCF4-1536x864.jpg 1536w, https:\/\/rent-me.hr\/wp-content\/uploads\/2023\/01\/44612306-F559-4890-8ADF-5245598DCCF4-2048x1152.jpg 2048w\" sizes=\"auto, (max-width: 640px) 100vw, 640px\" \/>\t\t\t\t\t\t\t\t\t\t\t\t\t\t\t<\/div>\n\t\t\t\t<\/div>\n\t\t\t\t\t<\/div>\n\t\t<\/div>\n\t\t\t\t\t\t\t<\/div>\n\t\t<\/section>\n\t\t\t\t<section class=\"elementor-section elementor-top-section elementor-element elementor-element-9c96957 elementor-section-boxed elementor-section-height-default elementor-section-height-default\" data-id=\"9c96957\" data-element_type=\"section\">\n\t\t\t\t\t\t<div class=\"elementor-container elementor-column-gap-default\">\n\t\t\t\t\t<div class=\"elementor-column elementor-col-100 elementor-top-column elementor-element elementor-element-ba14136\" data-id=\"ba14136\" data-element_type=\"column\">\n\t\t\t<div class=\"elementor-widget-wrap elementor-element-populated\">\n\t\t\t\t\t\t\t\t<div class=\"elementor-element elementor-element-f9395f5 elementor-widget elementor-widget-spacer\" data-id=\"f9395f5\" data-element_type=\"widget\" data-widget_type=\"spacer.default\">\n\t\t\t\t<div class=\"elementor-widget-container\">\n\t\t\t<style>\/*! elementor - v3.7.0 - 08-08-2022 *\/\n.elementor-column .elementor-spacer-inner{height:var(--spacer-size)}.e-container{--container-widget-width:100%}.e-container>.elementor-widget-spacer{width:var(--container-widget-width,var(--spacer-size));-ms-flex-item-align:stretch;align-self:stretch;-ms-flex-negative:0;flex-shrink:0}.e-container>.elementor-widget-spacer>.elementor-widget-container,.e-container>.elementor-widget-spacer>.elementor-widget-container>.elementor-spacer{height:100%}.e-container>.elementor-widget-spacer>.elementor-widget-container>.elementor-spacer>.elementor-spacer-inner{height:var(--container-widget-height,var(--spacer-size))}<\/style>\t\t<div class=\"elementor-spacer\">\n\t\t\t<div class=\"elementor-spacer-inner\"><\/div>\n\t\t<\/div>\n\t\t\t\t<\/div>\n\t\t\t\t<\/div>\n\t\t\t\t\t<\/div>\n\t\t<\/div>\n\t\t\t\t\t\t\t<\/div>\n\t\t<\/section>\n\t\t\t\t<section class=\"elementor-section elementor-top-section elementor-element elementor-element-483748e elementor-section-boxed elementor-section-height-default elementor-section-height-default\" data-id=\"483748e\" data-element_type=\"section\">\n\t\t\t\t\t\t<div class=\"elementor-container elementor-column-gap-default\">\n\t\t\t\t\t<div class=\"elementor-column elementor-col-100 elementor-top-column elementor-element elementor-element-b492cb7\" data-id=\"b492cb7\" data-element_type=\"column\">\n\t\t\t<div class=\"elementor-widget-wrap elementor-element-populated\">\n\t\t\t\t\t\t\t\t<div class=\"elementor-element elementor-element-fc33757 elementor-widget elementor-widget-text-editor\" data-id=\"fc33757\" data-element_type=\"widget\" data-widget_type=\"text-editor.default\">\n\t\t\t\t<div class=\"elementor-widget-container\">\n\t\t\t\t\t\t\t<p><strong>Cjenik prijevoza kamionom<\/strong><\/p><p><b>Sa uslugom kipanja rasutog tereta:<br \/><\/b>Podru\u010dje Pore\u010da: <b>50,00\u20ac + PDV<\/b><\/p><p><b>Sa uslugom istovara kranom:<br \/><\/b>Podru\u010dje Pore\u010da: <b>80,00\u20ac + PDV<\/b><br \/>Podru\u010dje Umaga, Rovinja i Pazina: <b>150,00\u20ac+ PDV<\/b><br \/>Podru\u010dje Pule i Labina: <b>250,00\u20ac + PDV<\/b><\/p><p>Mogu\u0107i su dodatni dogovori o cijeni prijevoza ovisno o koli\u010dini tereta i broju iskrcaja.<\/p><p><strong>Cjenik radnih strojeva<\/strong><\/p><p>Damper: <b>40\u20ac + PDV po satu<\/b><br \/>Mini bager: <b>50\u20ac + PDV po satu<\/b><br \/>Kran nosivosti 980 kg na 10 metara: <b>70\u20ac + PDV po satu<\/b><\/p>\t\t\t\t\t\t<\/div>\n\t\t\t\t<\/div>\n\t\t\t\t\t<\/div>\n\t\t<\/div>\n\t\t\t\t\t\t\t<\/div>\n\t\t<\/section>\n\t\t\t\t\t\t\t<\/div>\n\t\t","protected":false},"excerpt":{"rendered":"<p>Oprema Od opreme imamo kiper kran kamion nosivosti 7 euro paleta do 8,4 t, bager od 3,5 t, damper nosivosti kubik i pol. Geda lift comfort 250, 20 metara visine. Button Text Adaptacije Adaptacije starih kamenih ku\u0107a Button Text Gra\u0111evinske usluge Ure\u0111enje okoli\u0161a, izrada konstrukcije bazena. Imamo dugogodi\u0161nje iskustvo u gra\u0111evinarstvu, te tako\u0111er vr\u0161imo usluge [&hellip;]<\/p>\n","protected":false},"author":1,"featured_media":0,"parent":0,"menu_order":0,"comment_status":"closed","ping_status":"closed","template":"elementor_header_footer","meta":{"footnotes":""},"class_list":["post-225","page","type-page","status-publish","hentry"],"acf":[],"_links":{"self":[{"href":"https:\/\/rent-me.hr\/index.php?rest_route=\/wp\/v2\/pages\/225","targetHints":{"allow":["GET"]}}],"collection":[{"href":"https:\/\/rent-me.hr\/index.php?rest_route=\/wp\/v2\/pages"}],"about":[{"href":"https:\/\/rent-me.hr\/index.php?rest_route=\/wp\/v2\/types\/page"}],"author":[{"embeddable":true,"href":"https:\/\/rent-me.hr\/index.php?rest_route=\/wp\/v2\/users\/1"}],"replies":[{"embeddable":true,"href":"https:\/\/rent-me.hr\/index.php?rest_route=%2Fwp%2Fv2%2Fcomments&post=225"}],"version-history":[{"count":30,"href":"https:\/\/rent-me.hr\/index.php?rest_route=\/wp\/v2\/pages\/225\/revisions"}],"predecessor-version":[{"id":3177,"href":"https:\/\/rent-me.hr\/index.php?rest_route=\/wp\/v2\/pages\/225\/revisions\/3177"}],"wp:attachment":[{"href":"https:\/\/rent-me.hr\/index.php?rest_route=%2Fwp%2Fv2%2Fmedia&parent=225"}],"curies":[{"name":"wp","href":"https:\/\/api.w.org\/{rel}","templated":true}]}}